{"id":21,"date":"2025-07-16T09:53:28","date_gmt":"2025-07-16T07:53:28","guid":{"rendered":"http:\/\/test.kvant.sk\/ditax\/?page_id=21"},"modified":"2025-07-22T11:01:51","modified_gmt":"2025-07-22T09:01:51","slug":"vstrekovanie-plastov","status":"publish","type":"page","link":"https:\/\/test.kvant.sk\/ditax\/vstrekovanie-plastov\/","title":{"rendered":"Vstrekovanie plastov"},"content":{"rendered":"\r\n<h2 class=\"wp-block-heading\">Kon\u0161truk\u010dn\u00fd n\u00e1vrh a v\u00fdroba vstrekovac\u00edch foriem pre v\u00fdrobu plastov\u00fdch s\u00fa\u010diastok<\/h2>\r\n\r\n\r\n\r\n<p><img decoding=\"async\" class=\"image-right\" src=\"https:\/\/test.kvant.sk\/ditax\/wp-content\/uploads\/2025\/07\/foridx.png\" \/><\/p>\r\n<p>\u00daprava digit\u00e1lneho modelu s\u00fa\u010diastky pre potreby technologick\u00e9ho procesu liatia pod tlakom do formy z dodan\u00e9ho CAD modelu alebo na z\u00e1klade dodanej technickej dokument\u00e1cie k vyr\u00e1banej s\u00fa\u010diastke (n\u00e1vrh odformovac\u00edch uhlov, zmr\u0161tenia).<\/p>\r\n<p>Rie\u0161enie n\u00e1sobnosti formy pre hospod\u00e1rne vyu\u017eitie v pr\u00edpade dan\u00e9ho konkr\u00e9tneho vstrekovacieho lisu.<\/p>\r\n<p>Optimalizovan\u00fd n\u00e1vrh v\u0161etk\u00fdch funk\u010dn\u00fdch detailov ako tv\u00e1rniky, chlad\u00edtka, vyhadzova\u010de, vtokov\u00e1 s\u00fastava, trysky.<\/p>\r\n<p>Zabezpe\u010denie v\u00fdroby a kompletiz\u00e1cie jednotliv\u00fdch mont\u00e1\u017enych skup\u00edn navrhnutej vstrekovacej formy pod\u013ea detailnej technickej dokument\u00e1cie.<\/p>\r\n<div style=\"clear: both;\">\u00a0<\/div>\r\n<p>\r\n\r\n<\/p>\r\n<h2 class=\"wp-block-heading has-text-align-left\">Vytvorenie fyzick\u00e9ho modelu navrhovanej s\u00fa\u010diastky pomocou technol\u00f3gie 3D tla\u010de<\/h2>\r\n<p>\r\n\r\n<\/p>\r\n<p><img decoding=\"async\" class=\"image-left\" src=\"https:\/\/test.kvant.sk\/ditax\/wp-content\/uploads\/2025\/07\/i1.png\" \/><\/p>\r\n<p>Pre potreby overenia funk\u010dnosti n\u00e1vrhu a celkov\u00e9ho dizajnu m\u00e1me k dispoz\u00edcii 3D tla\u010diare\u0148, pomocou ktorej sme schopn\u00ed vytv\u00e1ra\u0165 fyzick\u00e9 modely navrhovan\u00e9ho rie\u0161enia a\u017e do ve\u013ekosti 25 x 21 x 20 cm.<\/p>\r\n<p>Tak\u00fdmto sp\u00f4sob dok\u00e1\u017eeme pomerne presne doladi\u0165 jemn\u00e9 detaily kon\u0161trukcie na z\u00e1klade re\u00e1lnej sp\u00e4tnej v\u00e4zby z anal\u00fdzy na skuto\u010dn\u00fdch objektoch, napr. ulo\u017eenie dosky plo\u0161n\u00fdch spojov v okrytovan\u00ed s presnou lokaliz\u00e1ciou otvorov pre konektory, senzory, LED di\u00f3dy a ventil\u00e1ciu.<\/p>\r\n<p>Tla\u010denie je mo\u017en\u00e9 z materi\u00e1lu PLA alebo ABS.<\/p>\r\n<div style=\"clear: both;\">\u00a0<\/div>\r\n<p>\r\n\r\n\r\n<\/p>\r\n<div class=\"imgs\"><img decoding=\"async\" src=\"https:\/\/test.kvant.sk\/ditax\/wp-content\/uploads\/2025\/07\/d1.png\" \/> <img decoding=\"async\" src=\"https:\/\/test.kvant.sk\/ditax\/wp-content\/uploads\/2025\/07\/d2.png\" \/> <img decoding=\"async\" src=\"https:\/\/test.kvant.sk\/ditax\/wp-content\/uploads\/2025\/07\/d3.png\" \/><\/div>\r\n<p>\r\n\r\n\r\n<\/p>\r\n<h2 class=\"wp-block-heading has-text-align-left\">Dizajnov\u00fd n\u00e1vrh okrytovania elektronick\u00e9ho zariadenia na doske plo\u0161n\u00fdch spojov<\/h2>\r\n<p>\r\n\r\n<\/p>\r\n<p><img decoding=\"async\" class=\"image-right\" src=\"https:\/\/test.kvant.sk\/ditax\/wp-content\/uploads\/2025\/07\/diznav.png\" \/><\/p>\r\n<p>V prvom kroku, na z\u00e1klade vami dodan\u00e9ho digit\u00e1lneho modelu plo\u0161n\u00e9ho spoja v s\u00fabore typu step alebo aspo\u0148 z\u00e1kladn\u00fdch rozmerov a va\u0161\u00edch predst\u00e1v, navrhneme dizajnov\u00fd n\u00e1vrh, popr\u00edpade viac alternat\u00edv dizajnu.<\/p>\r\n<p>Tieto dostanete od n\u00e1s ako renderovan\u00e9 v\u00fdstupy v grafickom form\u00e1te. Na z\u00e1klade va\u0161\u00edch podnetov prepracujeme, resp. dolad\u00edme dizajn n\u00e1vrhu okrytovania, a\u017e k\u00fdm nebudete s dan\u00fdm rie\u0161en\u00edm spokojn\u00fd.<\/p>\r\n<div style=\"clear: both;\">\u00a0<\/div>\r\n<p>\r\n\r\n\r\n<\/p>\r\n<h2 class=\"wp-block-heading has-text-align-left\">Technologick\u00fd model okrytovania<\/h2>\r\n<p>\r\n\r\n<\/p>\r\n<p><img decoding=\"async\" class=\"image-left\" src=\"https:\/\/test.kvant.sk\/ditax\/wp-content\/uploads\/2025\/07\/techmod.png\" \/><\/p>\r\n<p>N\u00e1sledne sa pod\u013ea hotov\u00e9ho dizajnu namodeluj\u00fa jednotliv\u00e9 \u010dasti okrytovania. Tieto zah\u0155\u0148aj\u00fa potrebn\u00e9 funk\u010dn\u00e9 prvky ako s\u00fa detaily otvorov pre konektory, senzory a indik\u00e1tory, lo\u017en\u00e9 prvky pre polohovanie a uchytenie plo\u0161n\u00e9ho spoja a in\u00e9.<\/p>\r\n<p>N\u00e1vrh t\u00fdchto dielov je samozrejme s oh\u013eadom na pou\u017eit\u00fa technol\u00f3giu v\u00fdroby vstrekovan\u00edm do formy, teda so spr\u00e1vnym rie\u0161en\u00edm deliacej roviny, nutn\u00fdmi odformovac\u00edmi uhlami stien a ich optim\u00e1lnou hr\u00fabkou, v\u00fdstu\u017en\u00fdmi prvkami, montovac\u00edmi prvkami, tvarov\u00fdm a rozmerov\u00fdm rie\u0161en\u00edm lemu pod\u013ea po\u017eadovan\u00e9ho sp\u00f4sobu zatv\u00e1rania a tesnenia. Takto pripraven\u00fd model sa vytla\u010d\u00ed na 3D tla\u010diarni pre overenie funk\u010dnosti.<\/p>\r\n<p>U pr\u00edli\u0161 komplikovan\u00fdch dielov je v pr\u00edpade po\u017eiadavky, resp. poch\u00fdb o vhodnej vo\u013ebe tvaru a rozmerov kritick\u00fdch geometrick\u00fdch detailov dan\u00e9ho rie\u0161enia okrytovania, mo\u017en\u00e9 zabezpe\u010di\u0165 anal\u00fdzu vstrekovacieho procesu pomocou programu Moldflow.<\/p>\r\n<div style=\"clear: both;\">\u00a0<\/div>\r\n<p>\r\n\r\n<\/p>\r\n<h2 class=\"wp-block-heading\">Kon\u0161trukcia a v\u00fdroba formy<\/h2>\r\n<p>\r\n\r\n<\/p>\r\n<p><img decoding=\"async\" class=\"image-right\" src=\"https:\/\/test.kvant.sk\/ditax\/wp-content\/uploads\/2025\/07\/dizform.png\" \/><\/p>\r\n<p>Na z\u00e1klade hotov\u00e9ho CAD modelu okrytovania je navrhnut\u00e1 a skon\u0161truovan\u00e1 vstrekovacia forma. Rie\u0161enie kon\u0161truk\u010dn\u00fdch a technologick\u00fdch prvkov formy z\u00e1vis\u00ed od tvarov\u00fdch a funk\u010dn\u00fdch prvkov dan\u00e9ho rie\u0161enia okrytovania, od po\u017eadovanej \u017eivotnosti formy a kadencie v\u00fdroby, text\u00fary vzh\u013eadov\u00fdch prvkov a po\u017eadovanej presnosti v\u00fdlisku.<\/p>\r\n<p>Po v\u00fdrobe vstrekovacej formy s\u00fa odstreknut\u00e9 vzorkov\u00e9 v\u00fdlisky, ktor\u00e9 sa podrobia anal\u00fdzam na pos\u00fadenie po\u017eadovanej kvality. V\u00fdstupom t\u00fdchto anal\u00fdz s\u00fa pr\u00edpadn\u00e9 korekcie, resp. pr\u00eddavn\u00e9 technologick\u00e9 prvky, ktor\u00e9 sa n\u00e1sledne zapracuj\u00fa do formy. Tento krok sa opakuje a\u017e k\u00fdm je dosiahnut\u00e1 po\u017eadovan\u00e1 kvalita v\u00fdlisku.<\/p>\r\n<div style=\"clear: both;\">\u00a0<\/div>\r\n<p>\r\n\r\n<\/p>\r\n<h2 class=\"wp-block-heading\">V\u00fdroba a skladanie<\/h2>\r\n<p>\r\n\r\n<\/p>\r\n<p><img decoding=\"async\" class=\"image-left\" src=\"https:\/\/test.kvant.sk\/ditax\/wp-content\/uploads\/2025\/07\/sklad.png\" \/><\/p>\r\n<p>Po dohodnut\u00ed sa na v\u00fdrobnej d\u00e1vke va\u0161ich produktov je forma nahoden\u00e1 na vstrekolis, doladen\u00fd technologick\u00fd proces a odstreknut\u00e1 po\u017eadovan\u00e1 d\u00e1vka s potrebnou kontrolou kvality.<\/p>\r\n<p>V\u00fdlisky s\u00fa n\u00e1sledne kompletovan\u00e9 s vkladan\u00edm plo\u0161n\u00fdch spojov a ich uchyt\u00e1van\u00edm, popr. aj ozna\u010dovan\u00edm. Uzatv\u00e1ranie okrytovania je realizovan\u00e9 bu\u010f mechanicky pomocou spojovac\u00edch materi\u00e1lov alebo lepen\u00edm, pr\u00edpadne ultrazvukov\u00fdm zv\u00e1ran\u00edm, pod\u013ea rie\u0161enia navrhnut\u00e9ho vo f\u00e1ze technologick\u00e9ho n\u00e1vrhu dielov.<\/p>\r\n<p>Po kontrole s\u00fa hotov\u00e9 v\u00fdrobky zabalen\u00e9 do obalov, stohovan\u00e9 do prepraviek a odoslan\u00e9 k v\u00e1m.<\/p>\r\n<div style=\"clear: both;\">\u00a0<\/div>\r\n<p><\/p>","protected":false},"excerpt":{"rendered":"<p>Kon\u0161truk\u010dn\u00fd n\u00e1vrh a v\u00fdroba vstrekovac\u00edch foriem pre v\u00fdrobu plastov\u00fdch s\u00fa\u010diastok \u00daprava digit\u00e1lneho modelu s\u00fa\u010diastky pre potreby technologick\u00e9ho procesu liatia pod tlakom do formy z dodan\u00e9ho CAD modelu alebo na z\u00e1klade dodanej technickej dokument\u00e1cie k vyr\u00e1banej s\u00fa\u010diastke (n\u00e1vrh odformovac\u00edch uhlov, zmr\u0161tenia). Rie\u0161enie n\u00e1sobnosti formy pre hospod\u00e1rne vyu\u017eitie v pr\u00edpade dan\u00e9ho konkr\u00e9tneho vstrekovacieho lisu. Optimalizovan\u00fd n\u00e1vrh v\u0161etk\u00fdch &#8230; <a title=\"Vstrekovanie plastov\" class=\"read-more\" href=\"https:\/\/test.kvant.sk\/ditax\/vstrekovanie-plastov\/\" aria-label=\"Pre\u010d\u00edtajte si viac o Vstrekovanie plastov\">\u010c\u00edta\u0165 viac<\/a><\/p>\n","protected":false},"author":1,"featured_media":0,"parent":0,"menu_order":0,"comment_status":"closed","ping_status":"closed","template":"","meta":{"footnotes":""},"class_list":["post-21","page","type-page","status-publish"],"_links":{"self":[{"href":"https:\/\/test.kvant.sk\/ditax\/wp-json\/wp\/v2\/pages\/21","targetHints":{"allow":["GET"]}}],"collection":[{"href":"https:\/\/test.kvant.sk\/ditax\/wp-json\/wp\/v2\/pages"}],"about":[{"href":"https:\/\/test.kvant.sk\/ditax\/wp-json\/wp\/v2\/types\/page"}],"author":[{"embeddable":true,"href":"https:\/\/test.kvant.sk\/ditax\/wp-json\/wp\/v2\/users\/1"}],"replies":[{"embeddable":true,"href":"https:\/\/test.kvant.sk\/ditax\/wp-json\/wp\/v2\/comments?post=21"}],"version-history":[{"count":30,"href":"https:\/\/test.kvant.sk\/ditax\/wp-json\/wp\/v2\/pages\/21\/revisions"}],"predecessor-version":[{"id":391,"href":"https:\/\/test.kvant.sk\/ditax\/wp-json\/wp\/v2\/pages\/21\/revisions\/391"}],"wp:attachment":[{"href":"https:\/\/test.kvant.sk\/ditax\/wp-json\/wp\/v2\/media?parent=21"}],"curies":[{"name":"wp","href":"https:\/\/api.w.org\/{rel}","templated":true}]}}