{"id":19,"date":"2025-07-16T09:52:06","date_gmt":"2025-07-16T07:52:06","guid":{"rendered":"http:\/\/test.kvant.sk\/ditax\/?page_id=19"},"modified":"2025-07-17T16:13:33","modified_gmt":"2025-07-17T14:13:33","slug":"o-firme","status":"publish","type":"page","link":"https:\/\/test.kvant.sk\/ditax\/","title":{"rendered":"O firme"},"content":{"rendered":"\n<p>\n<img src='https:\/\/test.kvant.sk\/ditax\/wp-content\/uploads\/2025\/07\/ukazka-projektov.png' class='image-right'>\n<p>Na\u0161e zameranie v oblasti v\u0161eobecn\u00e9ho stroj\u00e1rstva je na kon\u0161trukciu a v\u00fdrobu \u0161peci\u00e1lnych zariaden\u00ed ur\u010den\u00fdch pre automatiz\u00e1ciu v\u00fdrobn\u00e9ho procesu a r\u00e1mov\u00fdch oce\u013eov\u00fdch kon\u0161trukci\u00ed.<\/p>\n<p>V oblasti vstrekovania plastov pon\u00fakame kompletn\u00e9 zabezpe\u010denie prototypovej a n\u00edzkos\u00e9riovej v\u00fdroby plastov\u00fdch v\u00fdliskov. Poskytneme v\u00e1m slu\u017ebu po\u010diato\u010dn\u00e9ho dizajnov\u00e9ho, kon\u0161truk\u010dn\u00e9ho a materi\u00e1lov\u00e9ho n\u00e1vrhu v\u00fdlisku s overen\u00edm jeho funk\u010dnosti na prototype vyrobenom pomocou technol\u00f3gie 3D tla\u010de, jeho optimaliz\u00e1ciu a technologick\u00fa \u00fapravu pre v\u00fdrobn\u00fd proces vstrekovania, n\u00e1sledne kon\u0161trukciu a v\u00fdrobu vstrekovacej formy a napokon samotn\u00e9 odli\u0161ovanie po\u017eadovan\u00e9ho mno\u017estva v\u00fdliskov v \u0161pi\u010dkovej kvalite.<\/p>\n<p>Na\u0161ou \u010fal\u0161ou \u010dinnos\u0165ou je kon\u0161truovanie mont\u00e1\u017enych a zv\u00e1rac\u00edch pr\u00edpravkov ako aj po\u010d\u00edta\u010dov\u00e9 simul\u00e1cie nap\u00e4\u0165ov\u00fdch stavov na s\u00fa\u010diastk\u00e1ch a kon\u0161trukci\u00e1ch pre overenie ich po\u017eadovanej \u00fanosnosti.<\/p>\n<\/p>\n<div style='clear:both'><\/div>\n","protected":false},"excerpt":{"rendered":"<p>Na\u0161e zameranie v oblasti v\u0161eobecn\u00e9ho stroj\u00e1rstva je na kon\u0161trukciu a v\u00fdrobu \u0161peci\u00e1lnych zariaden\u00ed ur\u010den\u00fdch pre automatiz\u00e1ciu v\u00fdrobn\u00e9ho procesu a r\u00e1mov\u00fdch oce\u013eov\u00fdch kon\u0161trukci\u00ed. V oblasti vstrekovania plastov pon\u00fakame kompletn\u00e9 zabezpe\u010denie prototypovej a n\u00edzkos\u00e9riovej v\u00fdroby plastov\u00fdch v\u00fdliskov. Poskytneme v\u00e1m slu\u017ebu po\u010diato\u010dn\u00e9ho dizajnov\u00e9ho, kon\u0161truk\u010dn\u00e9ho a materi\u00e1lov\u00e9ho n\u00e1vrhu v\u00fdlisku s overen\u00edm jeho funk\u010dnosti na prototype vyrobenom pomocou technol\u00f3gie 3D &#8230; <a title=\"O firme\" class=\"read-more\" href=\"https:\/\/test.kvant.sk\/ditax\/\" aria-label=\"Pre\u010d\u00edtajte si viac o O firme\">\u010c\u00edta\u0165 viac<\/a><\/p>\n","protected":false},"author":1,"featured_media":0,"parent":0,"menu_order":0,"comment_status":"closed","ping_status":"closed","template":"","meta":{"footnotes":""},"class_list":["post-19","page","type-page","status-publish"],"_links":{"self":[{"href":"https:\/\/test.kvant.sk\/ditax\/wp-json\/wp\/v2\/pages\/19","targetHints":{"allow":["GET"]}}],"collection":[{"href":"https:\/\/test.kvant.sk\/ditax\/wp-json\/wp\/v2\/pages"}],"about":[{"href":"https:\/\/test.kvant.sk\/ditax\/wp-json\/wp\/v2\/types\/page"}],"author":[{"embeddable":true,"href":"https:\/\/test.kvant.sk\/ditax\/wp-json\/wp\/v2\/users\/1"}],"replies":[{"embeddable":true,"href":"https:\/\/test.kvant.sk\/ditax\/wp-json\/wp\/v2\/comments?post=19"}],"version-history":[{"count":7,"href":"https:\/\/test.kvant.sk\/ditax\/wp-json\/wp\/v2\/pages\/19\/revisions"}],"predecessor-version":[{"id":269,"href":"https:\/\/test.kvant.sk\/ditax\/wp-json\/wp\/v2\/pages\/19\/revisions\/269"}],"wp:attachment":[{"href":"https:\/\/test.kvant.sk\/ditax\/wp-json\/wp\/v2\/media?parent=19"}],"curies":[{"name":"wp","href":"https:\/\/api.w.org\/{rel}","templated":true}]}}