{"id":160,"date":"2025-07-16T13:37:59","date_gmt":"2025-07-16T11:37:59","guid":{"rendered":"http:\/\/test.kvant.sk\/ditax\/?page_id=160"},"modified":"2025-07-22T11:00:10","modified_gmt":"2025-07-22T09:00:10","slug":"contact","status":"publish","type":"page","link":"https:\/\/test.kvant.sk\/ditax\/en\/contact\/","title":{"rendered":"Contact"},"content":{"rendered":"\n<div class='in-row'>\n<div class='text-s'>\n<p>\n<strong>Ing. Jozef Matu\u0161ov, PhD.<\/strong><br>\nmanaging director<br>\n+421 908 033 227<br>\n<a href='mailto:jozef.matusov@ditax.sk'>jozef.matusov@ditax.sk<\/a><\/p>\n\n<p>\n<strong>Office location<\/strong><br>\n\u017dilinsk\u00e1 cesta 507\/78A<br>\n013 11 Lietavsk\u00e1 L\u00fa\u010dka<br>\n49\u00b009&#8217;39.6&#8243;N 18\u00b043&#8217;20.6&#8243;E<br>\nnext to the company Sejong Slovakia<br>\n\n<p>\n<strong>Billing information<\/strong><br>\nDITAX, s.r.o.<br>\nPru\u017eina 75, 018 22 Pru\u017eina<br>\nI\u010cO: 47449705<br>\nI\u010c DPH: SK2023879616<br>\nDI\u010c: 2023879616<br>\nIBAN: SK2152000000000016000216<br>\n\n<\/div>\n<div class='image-s'>\n<iframe src=\"https:\/\/www.google.com\/maps\/embed?pb=!1m17!1m12!1m3!1d6426.2913938086995!2d18.719565108691885!3d49.163089615593755!2m3!1f0!2f0!3f0!3m2!1i1024!2i768!4f13.1!3m2!1m1!2zNDnCsDA5JzM5LjYiTiAxOMKwNDMnMjAuNiJF!5e1!3m2!1ssk!2ssk!4v1753174674889!5m2!1ssk!2ssk\" width=\"600\" height=\"500\" style=\"border:0;\" allowfullscreen=\"\" loading=\"lazy\" referrerpolicy=\"no-referrer-when-downgrade\"><\/iframe>\n<\/div>\n\n<\/div>\n\n\n\n<p><\/p>\n","protected":false},"excerpt":{"rendered":"<p>Ing. Jozef Matu\u0161ov, PhD. managing director +421 908 033 227 jozef.matusov@ditax.sk Office location \u017dilinsk\u00e1 cesta 507\/78A 013 11 Lietavsk\u00e1 L\u00fa\u010dka 49\u00b009&#8217;39.6&#8243;N 18\u00b043&#8217;20.6&#8243;E next to the company Sejong Slovakia Billing information DITAX, s.r.o. Pru\u017eina 75, 018 22 Pru\u017eina I\u010cO: 47449705 I\u010c DPH: SK2023879616 DI\u010c: 2023879616 IBAN: SK2152000000000016000216<\/p>\n","protected":false},"author":1,"featured_media":0,"parent":0,"menu_order":0,"comment_status":"closed","ping_status":"closed","template":"","meta":{"footnotes":""},"class_list":["post-160","page","type-page","status-publish"],"_links":{"self":[{"href":"https:\/\/test.kvant.sk\/ditax\/wp-json\/wp\/v2\/pages\/160","targetHints":{"allow":["GET"]}}],"collection":[{"href":"https:\/\/test.kvant.sk\/ditax\/wp-json\/wp\/v2\/pages"}],"about":[{"href":"https:\/\/test.kvant.sk\/ditax\/wp-json\/wp\/v2\/types\/page"}],"author":[{"embeddable":true,"href":"https:\/\/test.kvant.sk\/ditax\/wp-json\/wp\/v2\/users\/1"}],"replies":[{"embeddable":true,"href":"https:\/\/test.kvant.sk\/ditax\/wp-json\/wp\/v2\/comments?post=160"}],"version-history":[{"count":5,"href":"https:\/\/test.kvant.sk\/ditax\/wp-json\/wp\/v2\/pages\/160\/revisions"}],"predecessor-version":[{"id":390,"href":"https:\/\/test.kvant.sk\/ditax\/wp-json\/wp\/v2\/pages\/160\/revisions\/390"}],"wp:attachment":[{"href":"https:\/\/test.kvant.sk\/ditax\/wp-json\/wp\/v2\/media?parent=160"}],"curies":[{"name":"wp","href":"https:\/\/api.w.org\/{rel}","templated":true}]}}