{"id":140,"date":"2025-07-16T12:49:19","date_gmt":"2025-07-16T10:49:19","guid":{"rendered":"http:\/\/test.kvant.sk\/ditax\/?page_id=140"},"modified":"2025-07-22T11:02:34","modified_gmt":"2025-07-22T09:02:34","slug":"general-engingeering","status":"publish","type":"page","link":"https:\/\/test.kvant.sk\/ditax\/en\/general-engingeering\/","title":{"rendered":"General Engingeering"},"content":{"rendered":"\r\n<h2 class=\"wp-block-heading\">The Design and Manufacture of Special Equipment Designed to Automate the Production Process<\/h2>\r\n\r\n\r\n\r\n<p>\r\n<img src='https:\/\/test.kvant.sk\/ditax\/wp-content\/uploads\/2025\/07\/stroje.png' class='image-right'>\r\n<p>Design of special handling tool or equipment for the automation needs of a specific production process.\r\n<\/p>\r\n<p>Design optimization using numerical simulations of kinematic and dynamic relationships and strength characteristics of the individual components of the design.\r\n<\/p>\r\n<p>Adaptation of designed specialized equipment to the technical conditions at the factory.<\/p>\r\n<div style='clear:both'><\/div>\r\n\r\n\r\n\r\n\r\n<h2 class=\"wp-block-heading has-text-align-left\">The Design and Manufacture of Closed Frames and Supporting Load-bearing Steel Structures<\/h2>\r\n\r\n\r\n\r\n<p>\r\n<img src='https:\/\/test.kvant.sk\/ditax\/wp-content\/uploads\/2025\/07\/konstrukcie.png' class='image-left'>\r\n<p>Analysis of the designed construction from a static point of view, the stress analysis for the static load and modal analysis in dynamically loaded structures.<\/p>\r\n<p>Design of supporting steel structures for different uses from rolled semi-standardized profiles as well as the shape-optimized metal bearing components. Strength calculation of frame construction according to specified load.<\/p>\r\n<p>Optimization of frame and load-bearing steel structures in terms of economical structural design for the specified maximum load.<\/p>\r\n<\/p>\r\n<div style='clear:both'><\/div>\r\n\r\n\r\n\r\n<h2 class=\"wp-block-heading has-text-align-left\">A Detailed Numerical Analysis of Heat Transfer, Comprehensive Engineering Design and Manufacture of Heat Exchangers<\/h2>\r\n\r\n\r\n\r\n<p>\r\n<img src='https:\/\/test.kvant.sk\/ditax\/wp-content\/uploads\/2025\/07\/vymennik.png' class='image-right'>\r\n<p>Initial numerical analysis of necessary energy heat flows to ensure the specified operating temperature conditions.<\/p>\r\n<p>Draft concept of solutions and design variants meeting the conditions required for initial calculated energy ratios.<\/p>\r\n<p>Numerical stationary and transient analysis of heat flow and temperature field of detailed engineering design of the heat exchanger and the subsequent optimization of the solution.<\/p>\r\n<div style='clear:both'><\/div>\r\n","protected":false},"excerpt":{"rendered":"<p>The Design and Manufacture of Special Equipment Designed to Automate the Production Process Design of special handling tool or equipment for the automation needs of a specific production process. Design optimization using numerical simulations of kinematic and dynamic relationships and strength characteristics of the individual components of the design. Adaptation of designed specialized equipment to &#8230; <a title=\"General Engingeering\" class=\"read-more\" href=\"https:\/\/test.kvant.sk\/ditax\/en\/general-engingeering\/\" aria-label=\"Pre\u010d\u00edtajte si viac o General Engingeering\">\u010c\u00edta\u0165 viac<\/a><\/p>\n","protected":false},"author":1,"featured_media":0,"parent":0,"menu_order":0,"comment_status":"closed","ping_status":"closed","template":"","meta":{"footnotes":""},"class_list":["post-140","page","type-page","status-publish"],"_links":{"self":[{"href":"https:\/\/test.kvant.sk\/ditax\/wp-json\/wp\/v2\/pages\/140","targetHints":{"allow":["GET"]}}],"collection":[{"href":"https:\/\/test.kvant.sk\/ditax\/wp-json\/wp\/v2\/pages"}],"about":[{"href":"https:\/\/test.kvant.sk\/ditax\/wp-json\/wp\/v2\/types\/page"}],"author":[{"embeddable":true,"href":"https:\/\/test.kvant.sk\/ditax\/wp-json\/wp\/v2\/users\/1"}],"replies":[{"embeddable":true,"href":"https:\/\/test.kvant.sk\/ditax\/wp-json\/wp\/v2\/comments?post=140"}],"version-history":[{"count":6,"href":"https:\/\/test.kvant.sk\/ditax\/wp-json\/wp\/v2\/pages\/140\/revisions"}],"predecessor-version":[{"id":393,"href":"https:\/\/test.kvant.sk\/ditax\/wp-json\/wp\/v2\/pages\/140\/revisions\/393"}],"wp:attachment":[{"href":"https:\/\/test.kvant.sk\/ditax\/wp-json\/wp\/v2\/media?parent=140"}],"curies":[{"name":"wp","href":"https:\/\/api.w.org\/{rel}","templated":true}]}}